{"id":63,"date":"2025-04-02T11:31:19","date_gmt":"2025-04-02T09:31:19","guid":{"rendered":"https:\/\/alojanatur.com\/?page_id=63"},"modified":"2025-04-04T09:08:55","modified_gmt":"2025-04-04T07:08:55","slug":"alojamientos-turisticos","status":"publish","type":"page","link":"https:\/\/alojanatur.com\/index.php\/alojamientos-turisticos\/","title":{"rendered":"ALOJAMIENTOS TUR\u00cdSTICOS"},"content":{"rendered":"\n<div class=\"wp-block-cover\"><span aria-hidden=\"true\" class=\"wp-block-cover__background has-background-dim\"><\/span><img loading=\"lazy\" decoding=\"async\" width=\"1024\" height=\"576\" class=\"wp-block-cover__image-background wp-image-201\" alt=\"\" src=\"https:\/\/alojanatur.com\/wp-content\/uploads\/2025\/04\/Piscina-1024x576.jpg\" data-object-fit=\"cover\" srcset=\"https:\/\/alojanatur.com\/wp-content\/uploads\/2025\/04\/Piscina-1024x576.jpg 1024w, https:\/\/alojanatur.com\/wp-content\/uploads\/2025\/04\/Piscina-300x169.jpg 300w, https:\/\/alojanatur.com\/wp-content\/uploads\/2025\/04\/Piscina-768x432.jpg 768w, https:\/\/alojanatur.com\/wp-content\/uploads\/2025\/04\/Piscina.jpg 1500w\" sizes=\"auto, (max-width: 1024px) 100vw, 1024px\" \/><div class=\"wp-block-cover__inner-container is-layout-flow wp-block-cover-is-layout-flow\">\n<div class=\"wp-block-columns is-layout-flex wp-container-core-columns-is-layout-28f84493 wp-block-columns-is-layout-flex\">\n<div class=\"wp-block-column is-layout-flow wp-block-column-is-layout-flow\" style=\"flex-basis:100%\">\n<p class=\"has-text-align-center has-large-font-size\"><a href=\"https:\/\/alojanatur.com\/index.php\/el-mirador-de-la-laguna\/\"><strong><mark style=\"background-color:rgba(0, 0, 0, 0)\" class=\"has-inline-color has-ast-global-color-7-color\">\u00abEl Mirador de La Laguna\u00bb<\/mark><\/strong><\/a><\/p>\n<\/div>\n<\/div>\n\n\n\n<p class=\"has-text-align-center\"><strong><mark style=\"background-color:rgba(0, 0, 0, 0)\" class=\"has-inline-color has-ast-global-color-7-color\">Situado en <\/mark><mark style=\"background-color:var(--ast-global-color-7)\" class=\"has-inline-color has-ast-global-color-7-color\"><a href=\"https:\/\/www.comunitatvalenciana.com\/es\/alacant-alicante\/guardamar-del-segura\/playas\/playa-del-moncayo\" target=\"_blank\" rel=\"noreferrer noopener\">El Moncayo<\/a>,<\/mark><mark style=\"background-color:rgba(0, 0, 0, 0)\" class=\"has-inline-color has-ast-global-color-7-color\"> Guardamar del segura, Alicante.<\/mark><\/strong><\/p>\n<\/div><\/div>\n\n\n\n<p><\/p>\n\n\n\n<div class=\"wp-block-cover\"><span aria-hidden=\"true\" class=\"wp-block-cover__background has-background-dim\" style=\"background-color:#71736f\"><\/span><img loading=\"lazy\" decoding=\"async\" width=\"1600\" height=\"900\" class=\"wp-block-cover__image-background wp-image-276\" alt=\"\" src=\"https:\/\/alojanatur.com\/wp-content\/uploads\/2025\/04\/Vistas-terraza-1.jpg\" data-object-fit=\"cover\" srcset=\"https:\/\/alojanatur.com\/wp-content\/uploads\/2025\/04\/Vistas-terraza-1.jpg 1600w, https:\/\/alojanatur.com\/wp-content\/uploads\/2025\/04\/Vistas-terraza-1-300x169.jpg 300w, https:\/\/alojanatur.com\/wp-content\/uploads\/2025\/04\/Vistas-terraza-1-1024x576.jpg 1024w, https:\/\/alojanatur.com\/wp-content\/uploads\/2025\/04\/Vistas-terraza-1-768x432.jpg 768w, https:\/\/alojanatur.com\/wp-content\/uploads\/2025\/04\/Vistas-terraza-1-1536x864.jpg 1536w\" sizes=\"auto, (max-width: 1600px) 100vw, 1600px\" \/><div class=\"wp-block-cover__inner-container is-layout-constrained wp-block-cover-is-layout-constrained\">\n<p class=\"has-text-align-center has-large-font-size\"><a href=\"https:\/\/alojanatur.com\/index.php\/el-balcon-del-sella\/\"><mark style=\"background-color:rgba(0, 0, 0, 0)\" class=\"has-inline-color has-ast-global-color-7-color\">\u00abEl Balc\u00f3n del Sella\u00bb<\/mark><\/a><\/p>\n\n\n\n<p class=\"has-text-align-center\"><mark style=\"background-color:rgba(0, 0, 0, 0)\" class=\"has-inline-color has-ast-global-color-7-color\">Situado en <a href=\"https:\/\/www.turismocangasdeonis.com\/index.html\" target=\"_blank\" rel=\"noreferrer noopener\">Cangas de On\u00eds<\/a>, Oriente de Asturias, al pie de <a href=\"https:\/\/www.turismoasturias.es\/es\/descubre\/naturaleza\/reservas-de-la-biosfera\/parque-nacional-de-los-picos-de-europa\" target=\"_blank\" rel=\"noreferrer noopener\">Picos de Europa.<\/a><\/mark><\/p>\n<\/div><\/div>\n","protected":false},"excerpt":{"rendered":"","protected":false},"author":1,"featured_media":0,"parent":0,"menu_order":0,"comment_status":"closed","ping_status":"closed","template":"","meta":{"site-sidebar-layout":"default","site-content-layout":"","ast-site-content-layout":"","site-content-style":"default","site-sidebar-style":"default","ast-global-header-display":"","ast-banner-title-visibility":"","ast-main-header-display":"","ast-hfb-above-header-display":"","ast-hfb-below-header-display":"","ast-hfb-mobile-header-display":"","site-post-title":"","ast-breadcrumbs-content":"","ast-featured-img":"","footer-sml-layout":"","theme-transparent-header-meta":"","adv-header-id-meta":"","stick-header-meta":"","header-above-stick-meta":"","header-main-stick-meta":"","header-below-stick-meta":"","astra-migrate-meta-layouts":"default","ast-page-background-enabled":"default","ast-page-background-meta":{"desktop":{"background-color":"var(--ast-global-color-5)","background-image":"","background-repeat":"repeat","background-position":"center center","background-size":"auto","background-attachment":"scroll","background-type":"","background-media":"","overlay-type":"","overlay-color":"","overlay-opacity":"","overlay-gradient":""},"tablet":{"background-color":"","background-image":"","background-repeat":"repeat","background-position":"center center","background-size":"auto","background-attachment":"scroll","background-type":"","background-media":"","overlay-type":"","overlay-color":"","overlay-opacity":"","overlay-gradient":""},"mobile":{"background-color":"","background-image":"","background-repeat":"repeat","background-position":"center center","background-size":"auto","background-attachment":"scroll","background-type":"","background-media":"","overlay-type":"","overlay-color":"","overlay-opacity":"","overlay-gradient":""}},"ast-content-background-meta":{"desktop":{"background-color":"var(--ast-global-color-4)","background-image":"","background-repeat":"repeat","background-position":"center center","background-size":"auto","background-attachment":"scroll","background-type":"","background-media":"","overlay-type":"","overlay-color":"","overlay-opacity":"","overlay-gradient":""},"tablet":{"background-color":"var(--ast-global-color-4)","background-image":"","background-repeat":"repeat","background-position":"center center","background-size":"auto","background-attachment":"scroll","background-type":"","background-media":"","overlay-type":"","overlay-color":"","overlay-opacity":"","overlay-gradient":""},"mobile":{"background-color":"var(--ast-global-color-4)","background-image":"","background-repeat":"repeat","background-position":"center center","background-size":"auto","background-attachment":"scroll","background-type":"","background-media":"","overlay-type":"","overlay-color":"","overlay-opacity":"","overlay-gradient":""}},"footnotes":""},"class_list":["post-63","page","type-page","status-publish","hentry"],"yoast_head":"<!-- This site is optimized with the Yoast SEO plugin v27.4 - https:\/\/yoast.com\/product\/yoast-seo-wordpress\/ -->\n<title>ALOJAMIENTOS TUR\u00cdSTICOS - alojanatur<\/title>\n<meta name=\"description\" content=\"Vive unas vacaciones de ensue\u00f1o. Te presentamos dos alojamientos tur\u00edsticos que, sin duda alguna, har\u00e1n de tu estancia una verdadera aventura.\" \/>\n<meta name=\"robots\" content=\"index, follow, max-snippet:-1, max-image-preview:large, max-video-preview:-1\" \/>\n<link rel=\"canonical\" href=\"https:\/\/alojanatur.com\/index.php\/alojamientos-turisticos\/\" \/>\n<meta property=\"og:locale\" content=\"es_ES\" \/>\n<meta property=\"og:type\" content=\"article\" \/>\n<meta property=\"og:title\" content=\"ALOJAMIENTOS TUR\u00cdSTICOS - alojanatur\" \/>\n<meta property=\"og:description\" content=\"Vive unas vacaciones de ensue\u00f1o. Te presentamos dos alojamientos tur\u00edsticos que, sin duda alguna, har\u00e1n de tu estancia una verdadera aventura.\" \/>\n<meta property=\"og:url\" content=\"https:\/\/alojanatur.com\/index.php\/alojamientos-turisticos\/\" \/>\n<meta property=\"og:site_name\" content=\"alojanatur\" \/>\n<meta property=\"article:modified_time\" content=\"2025-04-04T07:08:55+00:00\" \/>\n<meta property=\"og:image\" content=\"https:\/\/alojanatur.com\/wp-content\/uploads\/2025\/04\/Piscina.jpg\" \/>\n\t<meta property=\"og:image:width\" content=\"1500\" \/>\n\t<meta property=\"og:image:height\" content=\"844\" \/>\n\t<meta property=\"og:image:type\" content=\"image\/jpeg\" \/>\n<meta name=\"twitter:card\" content=\"summary_large_image\" \/>\n<meta name=\"twitter:label1\" content=\"Tiempo de lectura\" \/>\n\t<meta name=\"twitter:data1\" content=\"1 minuto\" \/>\n<script type=\"application\/ld+json\" class=\"yoast-schema-graph\">{\"@context\":\"https:\\\/\\\/schema.org\",\"@graph\":[{\"@type\":\"WebPage\",\"@id\":\"https:\\\/\\\/alojanatur.com\\\/index.php\\\/alojamientos-turisticos\\\/\",\"url\":\"https:\\\/\\\/alojanatur.com\\\/index.php\\\/alojamientos-turisticos\\\/\",\"name\":\"ALOJAMIENTOS TUR\u00cdSTICOS - alojanatur\",\"isPartOf\":{\"@id\":\"https:\\\/\\\/alojanatur.com\\\/#website\"},\"primaryImageOfPage\":{\"@id\":\"https:\\\/\\\/alojanatur.com\\\/index.php\\\/alojamientos-turisticos\\\/#primaryimage\"},\"image\":{\"@id\":\"https:\\\/\\\/alojanatur.com\\\/index.php\\\/alojamientos-turisticos\\\/#primaryimage\"},\"thumbnailUrl\":\"https:\\\/\\\/alojanatur.com\\\/wp-content\\\/uploads\\\/2025\\\/04\\\/Piscina-1024x576.jpg\",\"datePublished\":\"2025-04-02T09:31:19+00:00\",\"dateModified\":\"2025-04-04T07:08:55+00:00\",\"description\":\"Vive unas vacaciones de ensue\u00f1o. Te presentamos dos alojamientos tur\u00edsticos que, sin duda alguna, har\u00e1n de tu estancia una verdadera aventura.\",\"breadcrumb\":{\"@id\":\"https:\\\/\\\/alojanatur.com\\\/index.php\\\/alojamientos-turisticos\\\/#breadcrumb\"},\"inLanguage\":\"es\",\"potentialAction\":[{\"@type\":\"ReadAction\",\"target\":[\"https:\\\/\\\/alojanatur.com\\\/index.php\\\/alojamientos-turisticos\\\/\"]}]},{\"@type\":\"ImageObject\",\"inLanguage\":\"es\",\"@id\":\"https:\\\/\\\/alojanatur.com\\\/index.php\\\/alojamientos-turisticos\\\/#primaryimage\",\"url\":\"https:\\\/\\\/alojanatur.com\\\/wp-content\\\/uploads\\\/2025\\\/04\\\/Piscina.jpg\",\"contentUrl\":\"https:\\\/\\\/alojanatur.com\\\/wp-content\\\/uploads\\\/2025\\\/04\\\/Piscina.jpg\",\"width\":1500,\"height\":844},{\"@type\":\"BreadcrumbList\",\"@id\":\"https:\\\/\\\/alojanatur.com\\\/index.php\\\/alojamientos-turisticos\\\/#breadcrumb\",\"itemListElement\":[{\"@type\":\"ListItem\",\"position\":1,\"name\":\"Portada\",\"item\":\"https:\\\/\\\/alojanatur.com\\\/\"},{\"@type\":\"ListItem\",\"position\":2,\"name\":\"ALOJAMIENTOS TUR\u00cdSTICOS\"}]},{\"@type\":\"WebSite\",\"@id\":\"https:\\\/\\\/alojanatur.com\\\/#website\",\"url\":\"https:\\\/\\\/alojanatur.com\\\/\",\"name\":\"alojanatur\",\"description\":\"Alojamientos Tur\u00edsticos\",\"publisher\":{\"@id\":\"https:\\\/\\\/alojanatur.com\\\/#organization\"},\"potentialAction\":[{\"@type\":\"SearchAction\",\"target\":{\"@type\":\"EntryPoint\",\"urlTemplate\":\"https:\\\/\\\/alojanatur.com\\\/?s={search_term_string}\"},\"query-input\":{\"@type\":\"PropertyValueSpecification\",\"valueRequired\":true,\"valueName\":\"search_term_string\"}}],\"inLanguage\":\"es\"},{\"@type\":\"Organization\",\"@id\":\"https:\\\/\\\/alojanatur.com\\\/#organization\",\"name\":\"alojanatur\",\"url\":\"https:\\\/\\\/alojanatur.com\\\/\",\"logo\":{\"@type\":\"ImageObject\",\"inLanguage\":\"es\",\"@id\":\"https:\\\/\\\/alojanatur.com\\\/#\\\/schema\\\/logo\\\/image\\\/\",\"url\":\"https:\\\/\\\/alojanatur.com\\\/wp-content\\\/uploads\\\/2025\\\/04\\\/cropped-Logotipo_4-removebg-preview.png\",\"contentUrl\":\"https:\\\/\\\/alojanatur.com\\\/wp-content\\\/uploads\\\/2025\\\/04\\\/cropped-Logotipo_4-removebg-preview.png\",\"width\":178,\"height\":71,\"caption\":\"alojanatur\"},\"image\":{\"@id\":\"https:\\\/\\\/alojanatur.com\\\/#\\\/schema\\\/logo\\\/image\\\/\"}}]}<\/script>\n<!-- \/ Yoast SEO plugin. -->","yoast_head_json":{"title":"ALOJAMIENTOS TUR\u00cdSTICOS - alojanatur","description":"Vive unas vacaciones de ensue\u00f1o. Te presentamos dos alojamientos tur\u00edsticos que, sin duda alguna, har\u00e1n de tu estancia una verdadera aventura.","robots":{"index":"index","follow":"follow","max-snippet":"max-snippet:-1","max-image-preview":"max-image-preview:large","max-video-preview":"max-video-preview:-1"},"canonical":"https:\/\/alojanatur.com\/index.php\/alojamientos-turisticos\/","og_locale":"es_ES","og_type":"article","og_title":"ALOJAMIENTOS TUR\u00cdSTICOS - alojanatur","og_description":"Vive unas vacaciones de ensue\u00f1o. Te presentamos dos alojamientos tur\u00edsticos que, sin duda alguna, har\u00e1n de tu estancia una verdadera aventura.","og_url":"https:\/\/alojanatur.com\/index.php\/alojamientos-turisticos\/","og_site_name":"alojanatur","article_modified_time":"2025-04-04T07:08:55+00:00","og_image":[{"width":1500,"height":844,"url":"https:\/\/alojanatur.com\/wp-content\/uploads\/2025\/04\/Piscina.jpg","type":"image\/jpeg"}],"twitter_card":"summary_large_image","twitter_misc":{"Tiempo de lectura":"1 minuto"},"schema":{"@context":"https:\/\/schema.org","@graph":[{"@type":"WebPage","@id":"https:\/\/alojanatur.com\/index.php\/alojamientos-turisticos\/","url":"https:\/\/alojanatur.com\/index.php\/alojamientos-turisticos\/","name":"ALOJAMIENTOS TUR\u00cdSTICOS - alojanatur","isPartOf":{"@id":"https:\/\/alojanatur.com\/#website"},"primaryImageOfPage":{"@id":"https:\/\/alojanatur.com\/index.php\/alojamientos-turisticos\/#primaryimage"},"image":{"@id":"https:\/\/alojanatur.com\/index.php\/alojamientos-turisticos\/#primaryimage"},"thumbnailUrl":"https:\/\/alojanatur.com\/wp-content\/uploads\/2025\/04\/Piscina-1024x576.jpg","datePublished":"2025-04-02T09:31:19+00:00","dateModified":"2025-04-04T07:08:55+00:00","description":"Vive unas vacaciones de ensue\u00f1o. Te presentamos dos alojamientos tur\u00edsticos que, sin duda alguna, har\u00e1n de tu estancia una verdadera aventura.","breadcrumb":{"@id":"https:\/\/alojanatur.com\/index.php\/alojamientos-turisticos\/#breadcrumb"},"inLanguage":"es","potentialAction":[{"@type":"ReadAction","target":["https:\/\/alojanatur.com\/index.php\/alojamientos-turisticos\/"]}]},{"@type":"ImageObject","inLanguage":"es","@id":"https:\/\/alojanatur.com\/index.php\/alojamientos-turisticos\/#primaryimage","url":"https:\/\/alojanatur.com\/wp-content\/uploads\/2025\/04\/Piscina.jpg","contentUrl":"https:\/\/alojanatur.com\/wp-content\/uploads\/2025\/04\/Piscina.jpg","width":1500,"height":844},{"@type":"BreadcrumbList","@id":"https:\/\/alojanatur.com\/index.php\/alojamientos-turisticos\/#breadcrumb","itemListElement":[{"@type":"ListItem","position":1,"name":"Portada","item":"https:\/\/alojanatur.com\/"},{"@type":"ListItem","position":2,"name":"ALOJAMIENTOS TUR\u00cdSTICOS"}]},{"@type":"WebSite","@id":"https:\/\/alojanatur.com\/#website","url":"https:\/\/alojanatur.com\/","name":"alojanatur","description":"Alojamientos Tur\u00edsticos","publisher":{"@id":"https:\/\/alojanatur.com\/#organization"},"potentialAction":[{"@type":"SearchAction","target":{"@type":"EntryPoint","urlTemplate":"https:\/\/alojanatur.com\/?s={search_term_string}"},"query-input":{"@type":"PropertyValueSpecification","valueRequired":true,"valueName":"search_term_string"}}],"inLanguage":"es"},{"@type":"Organization","@id":"https:\/\/alojanatur.com\/#organization","name":"alojanatur","url":"https:\/\/alojanatur.com\/","logo":{"@type":"ImageObject","inLanguage":"es","@id":"https:\/\/alojanatur.com\/#\/schema\/logo\/image\/","url":"https:\/\/alojanatur.com\/wp-content\/uploads\/2025\/04\/cropped-Logotipo_4-removebg-preview.png","contentUrl":"https:\/\/alojanatur.com\/wp-content\/uploads\/2025\/04\/cropped-Logotipo_4-removebg-preview.png","width":178,"height":71,"caption":"alojanatur"},"image":{"@id":"https:\/\/alojanatur.com\/#\/schema\/logo\/image\/"}}]}},"_links":{"self":[{"href":"https:\/\/alojanatur.com\/index.php\/wp-json\/wp\/v2\/pages\/63","targetHints":{"allow":["GET"]}}],"collection":[{"href":"https:\/\/alojanatur.com\/index.php\/wp-json\/wp\/v2\/pages"}],"about":[{"href":"https:\/\/alojanatur.com\/index.php\/wp-json\/wp\/v2\/types\/page"}],"author":[{"embeddable":true,"href":"https:\/\/alojanatur.com\/index.php\/wp-json\/wp\/v2\/users\/1"}],"replies":[{"embeddable":true,"href":"https:\/\/alojanatur.com\/index.php\/wp-json\/wp\/v2\/comments?post=63"}],"version-history":[{"count":10,"href":"https:\/\/alojanatur.com\/index.php\/wp-json\/wp\/v2\/pages\/63\/revisions"}],"predecessor-version":[{"id":277,"href":"https:\/\/alojanatur.com\/index.php\/wp-json\/wp\/v2\/pages\/63\/revisions\/277"}],"wp:attachment":[{"href":"https:\/\/alojanatur.com\/index.php\/wp-json\/wp\/v2\/media?parent=63"}],"curies":[{"name":"wp","href":"https:\/\/api.w.org\/{rel}","templated":true}]}}