{"id":319,"date":"2025-04-06T21:19:55","date_gmt":"2025-04-06T19:19:55","guid":{"rendered":"https:\/\/alojanatur.com\/?page_id=319"},"modified":"2025-04-21T12:27:03","modified_gmt":"2025-04-21T10:27:03","slug":"consulta-disponibilidad","status":"publish","type":"page","link":"https:\/\/alojanatur.com\/index.php\/consulta-disponibilidad\/","title":{"rendered":"Consulta disponibilidad"},"content":{"rendered":"\n<p>Bienvenido a la web oficial de los alojamientos tur\u00edsticos \u00abEl Balc\u00f3n del Sella\u00bb y \u00abEl Mirador de la Laguna\u00bb.<br>Lugares dispares, Norte y Este de la pen\u00ednsula. Monta\u00f1a y mar y mar y monta\u00f1a. <br>En ambos casos disfrutar\u00e1s de paisajes impresionantes y tranquilidad asegurada, a la vez que dispondr\u00e1s de las mejores ofertas de ocio y diversi\u00f3n para todos los gustos, ya que sus emplazamientos han sido cuidadosamente elegidos para proporcionar la mejor experiencia.<br><br>Aunque ambos alojamientos est\u00e1n presentes en las mejores plataformas de alquiler tur\u00edstico, es evidente que, si has llegado hasta nosotros a trav\u00e9s de nuestra propia web, esta que visitas, no dudes que tendremos un precio y una atenci\u00f3n especial con tu reserva si, tras consultarnos la disponibilidad a trav\u00e9s del formulario de contacto, tus fechas resultan disponibles y decides alojarte con nosotros.<\/p>\n\n\n\n<h3 class=\"wp-block-heading\"><mark style=\"background-color:rgba(0, 0, 0, 0)\" class=\"has-inline-color has-ast-global-color-1-color\">Para ello, sigue los siguientes pasos:<\/mark><\/h3>\n\n\n\n<ul class=\"wp-block-list\">\n<li>Elige el <a href=\"https:\/\/alojanatur.com\/index.php\/alojamientos-turisticos\/\">alojamiento<\/a> que te interesa.<\/li>\n\n\n\n<li>Una vez elegido, accede al formulario de <a href=\"https:\/\/alojanatur.com\/index.php\/contacto\/\">contacto<\/a>.<\/li>\n\n\n\n<li>Cumplim\u00e9ntalo con los datos de contacto que te pedimos. No olvides reflejar, en comentarios del mensaje, el alojamiento y fechas para las que deseas saber disponibilidad, as\u00ed como el n\u00famero de personas que se alojar\u00edan.<\/li>\n\n\n\n<li>En breve te contestaremos, al correo electr\u00f3nico que nos has facilitado, inform\u00e1ndote sobre la disponibilidad para las fechas elegidas, as\u00ed como los precios que podemos ofrecerte.<\/li>\n\n\n\n<li>SI todo; fechas y precio, son de tu agrado, una vez confirmada tu solicitud mediante respuesta a nuestra propuesta, procederemos a enviarte instrucciones de pago de una se\u00f1al para que puedas formalizar la reserva.<\/li>\n<\/ul>\n\n\n\n<p><\/p>\n","protected":false},"excerpt":{"rendered":"<p>Bienvenido a la web oficial de los alojamientos tur\u00edsticos \u00abEl Balc\u00f3n del Sella\u00bb y \u00abEl Mirador de la Laguna\u00bb.Lugares dispares, [&hellip;]<\/p>\n","protected":false},"author":1,"featured_media":0,"parent":0,"menu_order":0,"comment_status":"closed","ping_status":"closed","template":"","meta":{"site-sidebar-layout":"default","site-content-layout":"","ast-site-content-layout":"","site-content-style":"default","site-sidebar-style":"default","ast-global-header-display":"","ast-banner-title-visibility":"","ast-main-header-display":"","ast-hfb-above-header-display":"","ast-hfb-below-header-display":"","ast-hfb-mobile-header-display":"","site-post-title":"","ast-breadcrumbs-content":"","ast-featured-img":"","footer-sml-layout":"","theme-transparent-header-meta":"","adv-header-id-meta":"","stick-header-meta":"","header-above-stick-meta":"","header-main-stick-meta":"","header-below-stick-meta":"","astra-migrate-meta-layouts":"default","ast-page-background-enabled":"default","ast-page-background-meta":{"desktop":{"background-color":"var(--ast-global-color-5)","background-image":"","background-repeat":"repeat","background-position":"center center","background-size":"auto","background-attachment":"scroll","background-type":"","background-media":"","overlay-type":"","overlay-color":"","overlay-opacity":"","overlay-gradient":""},"tablet":{"background-color":"","background-image":"","background-repeat":"repeat","background-position":"center center","background-size":"auto","background-attachment":"scroll","background-type":"","background-media":"","overlay-type":"","overlay-color":"","overlay-opacity":"","overlay-gradient":""},"mobile":{"background-color":"","background-image":"","background-repeat":"repeat","background-position":"center center","background-size":"auto","background-attachment":"scroll","background-type":"","background-media":"","overlay-type":"","overlay-color":"","overlay-opacity":"","overlay-gradient":""}},"ast-content-background-meta":{"desktop":{"background-color":"var(--ast-global-color-4)","background-image":"","background-repeat":"repeat","background-position":"center center","background-size":"auto","background-attachment":"scroll","background-type":"","background-media":"","overlay-type":"","overlay-color":"","overlay-opacity":"","overlay-gradient":""},"tablet":{"background-color":"var(--ast-global-color-4)","background-image":"","background-repeat":"repeat","background-position":"center center","background-size":"auto","background-attachment":"scroll","background-type":"","background-media":"","overlay-type":"","overlay-color":"","overlay-opacity":"","overlay-gradient":""},"mobile":{"background-color":"var(--ast-global-color-4)","background-image":"","background-repeat":"repeat","background-position":"center center","background-size":"auto","background-attachment":"scroll","background-type":"","background-media":"","overlay-type":"","overlay-color":"","overlay-opacity":"","overlay-gradient":""}},"footnotes":""},"class_list":["post-319","page","type-page","status-publish","hentry"],"yoast_head":"<!-- This site is optimized with the Yoast SEO plugin v27.4 - https:\/\/yoast.com\/product\/yoast-seo-wordpress\/ -->\n<title>Consulta disponibilidad - alojanatur<\/title>\n<meta name=\"description\" content=\"Consulta disponibilidad en &quot;El Balc\u00f3n del Sella y en &quot;El mirador de La Laguna&quot;. Sin duda, de los mejores alojamientos que puedas encontrar.\" \/>\n<meta name=\"robots\" content=\"index, follow, max-snippet:-1, max-image-preview:large, max-video-preview:-1\" \/>\n<link rel=\"canonical\" href=\"https:\/\/alojanatur.com\/index.php\/consulta-disponibilidad\/\" \/>\n<meta property=\"og:locale\" content=\"es_ES\" \/>\n<meta property=\"og:type\" content=\"article\" \/>\n<meta property=\"og:title\" content=\"Consulta disponibilidad - alojanatur\" \/>\n<meta property=\"og:description\" content=\"Consulta disponibilidad en &quot;El Balc\u00f3n del Sella y en &quot;El mirador de La Laguna&quot;. Sin duda, de los mejores alojamientos que puedas encontrar.\" \/>\n<meta property=\"og:url\" content=\"https:\/\/alojanatur.com\/index.php\/consulta-disponibilidad\/\" \/>\n<meta property=\"og:site_name\" content=\"alojanatur\" \/>\n<meta property=\"article:modified_time\" content=\"2025-04-21T10:27:03+00:00\" \/>\n<meta name=\"twitter:card\" content=\"summary_large_image\" \/>\n<meta name=\"twitter:label1\" content=\"Tiempo de lectura\" \/>\n\t<meta name=\"twitter:data1\" content=\"2 minutos\" \/>\n<script type=\"application\/ld+json\" class=\"yoast-schema-graph\">{\"@context\":\"https:\\\/\\\/schema.org\",\"@graph\":[{\"@type\":\"WebPage\",\"@id\":\"https:\\\/\\\/alojanatur.com\\\/index.php\\\/consulta-disponibilidad\\\/\",\"url\":\"https:\\\/\\\/alojanatur.com\\\/index.php\\\/consulta-disponibilidad\\\/\",\"name\":\"Consulta disponibilidad - alojanatur\",\"isPartOf\":{\"@id\":\"https:\\\/\\\/alojanatur.com\\\/#website\"},\"datePublished\":\"2025-04-06T19:19:55+00:00\",\"dateModified\":\"2025-04-21T10:27:03+00:00\",\"description\":\"Consulta disponibilidad en \\\"El Balc\u00f3n del Sella y en \\\"El mirador de La Laguna\\\". Sin duda, de los mejores alojamientos que puedas encontrar.\",\"breadcrumb\":{\"@id\":\"https:\\\/\\\/alojanatur.com\\\/index.php\\\/consulta-disponibilidad\\\/#breadcrumb\"},\"inLanguage\":\"es\",\"potentialAction\":[{\"@type\":\"ReadAction\",\"target\":[\"https:\\\/\\\/alojanatur.com\\\/index.php\\\/consulta-disponibilidad\\\/\"]}]},{\"@type\":\"BreadcrumbList\",\"@id\":\"https:\\\/\\\/alojanatur.com\\\/index.php\\\/consulta-disponibilidad\\\/#breadcrumb\",\"itemListElement\":[{\"@type\":\"ListItem\",\"position\":1,\"name\":\"Portada\",\"item\":\"https:\\\/\\\/alojanatur.com\\\/\"},{\"@type\":\"ListItem\",\"position\":2,\"name\":\"Consulta disponibilidad\"}]},{\"@type\":\"WebSite\",\"@id\":\"https:\\\/\\\/alojanatur.com\\\/#website\",\"url\":\"https:\\\/\\\/alojanatur.com\\\/\",\"name\":\"alojanatur\",\"description\":\"Alojamientos Tur\u00edsticos\",\"publisher\":{\"@id\":\"https:\\\/\\\/alojanatur.com\\\/#organization\"},\"potentialAction\":[{\"@type\":\"SearchAction\",\"target\":{\"@type\":\"EntryPoint\",\"urlTemplate\":\"https:\\\/\\\/alojanatur.com\\\/?s={search_term_string}\"},\"query-input\":{\"@type\":\"PropertyValueSpecification\",\"valueRequired\":true,\"valueName\":\"search_term_string\"}}],\"inLanguage\":\"es\"},{\"@type\":\"Organization\",\"@id\":\"https:\\\/\\\/alojanatur.com\\\/#organization\",\"name\":\"alojanatur\",\"url\":\"https:\\\/\\\/alojanatur.com\\\/\",\"logo\":{\"@type\":\"ImageObject\",\"inLanguage\":\"es\",\"@id\":\"https:\\\/\\\/alojanatur.com\\\/#\\\/schema\\\/logo\\\/image\\\/\",\"url\":\"https:\\\/\\\/alojanatur.com\\\/wp-content\\\/uploads\\\/2025\\\/04\\\/cropped-Logotipo_4-removebg-preview.png\",\"contentUrl\":\"https:\\\/\\\/alojanatur.com\\\/wp-content\\\/uploads\\\/2025\\\/04\\\/cropped-Logotipo_4-removebg-preview.png\",\"width\":178,\"height\":71,\"caption\":\"alojanatur\"},\"image\":{\"@id\":\"https:\\\/\\\/alojanatur.com\\\/#\\\/schema\\\/logo\\\/image\\\/\"}}]}<\/script>\n<!-- \/ Yoast SEO plugin. -->","yoast_head_json":{"title":"Consulta disponibilidad - alojanatur","description":"Consulta disponibilidad en \"El Balc\u00f3n del Sella y en \"El mirador de La Laguna\". Sin duda, de los mejores alojamientos que puedas encontrar.","robots":{"index":"index","follow":"follow","max-snippet":"max-snippet:-1","max-image-preview":"max-image-preview:large","max-video-preview":"max-video-preview:-1"},"canonical":"https:\/\/alojanatur.com\/index.php\/consulta-disponibilidad\/","og_locale":"es_ES","og_type":"article","og_title":"Consulta disponibilidad - alojanatur","og_description":"Consulta disponibilidad en \"El Balc\u00f3n del Sella y en \"El mirador de La Laguna\". Sin duda, de los mejores alojamientos que puedas encontrar.","og_url":"https:\/\/alojanatur.com\/index.php\/consulta-disponibilidad\/","og_site_name":"alojanatur","article_modified_time":"2025-04-21T10:27:03+00:00","twitter_card":"summary_large_image","twitter_misc":{"Tiempo de lectura":"2 minutos"},"schema":{"@context":"https:\/\/schema.org","@graph":[{"@type":"WebPage","@id":"https:\/\/alojanatur.com\/index.php\/consulta-disponibilidad\/","url":"https:\/\/alojanatur.com\/index.php\/consulta-disponibilidad\/","name":"Consulta disponibilidad - alojanatur","isPartOf":{"@id":"https:\/\/alojanatur.com\/#website"},"datePublished":"2025-04-06T19:19:55+00:00","dateModified":"2025-04-21T10:27:03+00:00","description":"Consulta disponibilidad en \"El Balc\u00f3n del Sella y en \"El mirador de La Laguna\". Sin duda, de los mejores alojamientos que puedas encontrar.","breadcrumb":{"@id":"https:\/\/alojanatur.com\/index.php\/consulta-disponibilidad\/#breadcrumb"},"inLanguage":"es","potentialAction":[{"@type":"ReadAction","target":["https:\/\/alojanatur.com\/index.php\/consulta-disponibilidad\/"]}]},{"@type":"BreadcrumbList","@id":"https:\/\/alojanatur.com\/index.php\/consulta-disponibilidad\/#breadcrumb","itemListElement":[{"@type":"ListItem","position":1,"name":"Portada","item":"https:\/\/alojanatur.com\/"},{"@type":"ListItem","position":2,"name":"Consulta disponibilidad"}]},{"@type":"WebSite","@id":"https:\/\/alojanatur.com\/#website","url":"https:\/\/alojanatur.com\/","name":"alojanatur","description":"Alojamientos Tur\u00edsticos","publisher":{"@id":"https:\/\/alojanatur.com\/#organization"},"potentialAction":[{"@type":"SearchAction","target":{"@type":"EntryPoint","urlTemplate":"https:\/\/alojanatur.com\/?s={search_term_string}"},"query-input":{"@type":"PropertyValueSpecification","valueRequired":true,"valueName":"search_term_string"}}],"inLanguage":"es"},{"@type":"Organization","@id":"https:\/\/alojanatur.com\/#organization","name":"alojanatur","url":"https:\/\/alojanatur.com\/","logo":{"@type":"ImageObject","inLanguage":"es","@id":"https:\/\/alojanatur.com\/#\/schema\/logo\/image\/","url":"https:\/\/alojanatur.com\/wp-content\/uploads\/2025\/04\/cropped-Logotipo_4-removebg-preview.png","contentUrl":"https:\/\/alojanatur.com\/wp-content\/uploads\/2025\/04\/cropped-Logotipo_4-removebg-preview.png","width":178,"height":71,"caption":"alojanatur"},"image":{"@id":"https:\/\/alojanatur.com\/#\/schema\/logo\/image\/"}}]}},"_links":{"self":[{"href":"https:\/\/alojanatur.com\/index.php\/wp-json\/wp\/v2\/pages\/319","targetHints":{"allow":["GET"]}}],"collection":[{"href":"https:\/\/alojanatur.com\/index.php\/wp-json\/wp\/v2\/pages"}],"about":[{"href":"https:\/\/alojanatur.com\/index.php\/wp-json\/wp\/v2\/types\/page"}],"author":[{"embeddable":true,"href":"https:\/\/alojanatur.com\/index.php\/wp-json\/wp\/v2\/users\/1"}],"replies":[{"embeddable":true,"href":"https:\/\/alojanatur.com\/index.php\/wp-json\/wp\/v2\/comments?post=319"}],"version-history":[{"count":5,"href":"https:\/\/alojanatur.com\/index.php\/wp-json\/wp\/v2\/pages\/319\/revisions"}],"predecessor-version":[{"id":381,"href":"https:\/\/alojanatur.com\/index.php\/wp-json\/wp\/v2\/pages\/319\/revisions\/381"}],"wp:attachment":[{"href":"https:\/\/alojanatur.com\/index.php\/wp-json\/wp\/v2\/media?parent=319"}],"curies":[{"name":"wp","href":"https:\/\/api.w.org\/{rel}","templated":true}]}}