{"id":3,"date":"2025-03-31T14:00:50","date_gmt":"2025-03-31T12:00:50","guid":{"rendered":"https:\/\/alojanatur.com\/?page_id=3"},"modified":"2025-04-10T10:38:54","modified_gmt":"2025-04-10T08:38:54","slug":"politica-privacidad","status":"publish","type":"page","link":"https:\/\/alojanatur.com\/index.php\/politica-privacidad\/","title":{"rendered":"Pol\u00edtica de privacidad"},"content":{"rendered":"\n<h2 class=\"wp-block-heading\">Qui\u00e9nes somos<\/h2>\n\n\n\n<p>La direcci\u00f3n de nuestra web es: https:\/\/alojanatur.com.<br>En ella est\u00e1n los <a href=\"https:\/\/alojanatur.com\/index.php\/contacto\/\">datos de contacto del responsable de los datos<\/a>, as\u00ed como las pol\u00edticas de privacidad y el <a href=\"https:\/\/alojanatur.com\/index.php\/politica-de-cookies-ue\/\">tratamiento de cookies<\/a>. <\/p>\n\n\n\n<h2 class=\"wp-block-heading\">Formularios SES hospedajes y de contacto.<\/h2>\n\n\n\n<p>El formulario SES Hospedajes es de obligada cumplimentaci\u00f3n para cumplir con el <a href=\"https:\/\/www.boe.es\/buscar\/doc.php?id=BOE-A-2021-17461\" target=\"_blank\" rel=\"noreferrer noopener\">Real Decreto 933\/2021<\/a> que establece la obligaci\u00f3n de registrar a los hu\u00e9spedes en alojamientos tur\u00edsticos en Espa\u00f1a.\u00a0Esta normativa aplica a todos los alojamientos, desde hoteles hasta pisos tur\u00edsticos alquilados.\u00a0, recopilamos los datos que se muestran en el formulario con el \u00fanico y exclusivo fin de cumplir con dicha ley, as\u00ed como la direcci\u00f3n IP del visitante y la cadena de agentes de usuario del navegador para ayudar a la detecci\u00f3n de spam.<\/p>\n\n\n\n<p>El formulario de contacto es utilizado \u00fanica y exclusivamente para poder atender las peticiones de informaci\u00f3n y reserva de nuestros clientes. En este caso, una vez finalizados los tr\u00e1mites o informaci\u00f3n solicitada, estos datos son eliminados de nuestras bases de datos.<\/p>\n\n\n\n<h2 class=\"wp-block-heading\">Cookies<\/h2>\n\n\n\n<p>Si dejas un comentario en nuestro sitio puedes elegir guardar tu nombre, direcci\u00f3n de correo electr\u00f3nico y web en cookies. Esto es para tu comodidad, para que no tengas que volver a rellenar tus datos cuando dejes otro comentario. Estas cookies tendr\u00e1n una duraci\u00f3n de un a\u00f1o.<\/p>\n\n\n\n<p>Si tienes una cuenta y te conectas a este sitio, instalaremos una cookie temporal para determinar si tu navegador acepta cookies. Esta cookie no contiene datos personales y se elimina al cerrar el navegador.<\/p>\n\n\n\n<p>Cuando accedas, tambi\u00e9n instalaremos varias cookies para guardar tu informaci\u00f3n de acceso y tus opciones de visualizaci\u00f3n de pantalla. Las cookies de acceso duran dos d\u00edas, y las cookies de opciones de pantalla duran un a\u00f1o. Si seleccionas \u00abRecu\u00e9rdarme\u00bb, tu acceso perdurar\u00e1 durante dos semanas. Si sales de tu cuenta, las cookies de acceso se eliminar\u00e1n.<\/p>\n\n\n\n<h2 class=\"wp-block-heading\">Contenido incrustado de otros sitios web<\/h2>\n\n\n\n<p>Los art\u00edculos de este sitio pueden incluir contenido incrustado (por ejemplo, v\u00eddeos, im\u00e1genes, art\u00edculos, etc.). El contenido incrustado de otras webs se comporta exactamente de la misma manera que si el visitante hubiera visitado la otra web.<\/p>\n\n\n\n<p>Estas web pueden recopilar datos sobre ti, utilizar cookies, incrustar un seguimiento adicional de terceros, y supervisar tu interacci\u00f3n con ese contenido incrustado, incluido el seguimiento de tu interacci\u00f3n con el contenido incrustado si tienes una cuenta y est\u00e1s conectado a esa web.<\/p>\n\n\n\n<h2 class=\"wp-block-heading\">Con qui\u00e9n compartimos tus datos<\/h2>\n\n\n\n<p>Los datos que cumplimentas en el formulario de contacto no son compartidos con ninguna otra persona o entidad y una vez finalizada nuestra comunicaci\u00f3n contigo para contrataci\u00f3n o suministrarte informaci\u00f3n, son eliminados por completo de nuestra base de datos.<br>Los datos que cumplimentas en el formulario SES Hospedajes, son enviados a la plataforma de registros de viajeros del ministerio del interior y conservados en nuestros archivos de alojamientos durante el periodo que marca el <a href=\"https:\/\/www.boe.es\/buscar\/doc.php?id=BOE-A-2021-17461\" target=\"_blank\" rel=\"noreferrer noopener\">Real Decreto 933\/2021<\/a>.<\/p>\n\n\n\n<h2 class=\"wp-block-heading\">Cu\u00e1nto tiempo conservamos tus datos<\/h2>\n\n\n\n<p>Los datos introducidos en el formulario de contacto son eliminados tan pronto como finaliza el motivo por el que fueron suministrados, informaci\u00f3n y\/o contrataci\u00f3n.<\/p>\n\n\n\n<p>Los datos suministrados en el formulario SES Hospedajes se mantienen en nuestro registro de hospedajes por el tiempo que marca el <a href=\"https:\/\/www.boe.es\/buscar\/doc.php?id=BOE-A-2021-17461\" target=\"_blank\" rel=\"noreferrer noopener\">Real Decreto 933\/2021<\/a><\/p>\n\n\n\n<h2 class=\"wp-block-heading\">Qu\u00e9 derechos tienes sobre tus datos<\/h2>\n\n\n\n<p>Si tienes una cuenta o has dejado comentarios en esta web, puedes solicitar recibir un archivo de exportaci\u00f3n de los datos personales que tenemos sobre ti, incluyendo cualquier dato que nos hayas proporcionado. Tambi\u00e9n puedes solicitar que eliminemos cualquier dato personal que tengamos sobre ti. Esto no incluye ning\u00fan dato que estemos obligados a conservar con fines administrativos, legales o de seguridad.<\/p>\n\n\n\n<h2 class=\"wp-block-heading\">D\u00f3nde se env\u00edan tus datos<\/h2>\n\n\n\n<p>Los datos introducidos de los visitantes puede que los revise un servicio de detecci\u00f3n autom\u00e1tica de spam, con el \u00fanico fin de mantener la integridad y seguridad de los mismos y de la propia web.<br>Como se ha comentado en repetidas ocasiones, los datos introducidos en el formulario SES Hospedajes son transmitidos a la plataforma de registro del ministerio del interior y mantenidos en nuestros registros el tiempo que marca el <a href=\"https:\/\/www.boe.es\/buscar\/doc.php?id=BOE-A-2021-17461\" target=\"_blank\" rel=\"noreferrer noopener\">Real Decreto 933\/2021<\/a>.<\/p>\n\n\n\n<p><\/p>\n","protected":false},"excerpt":{"rendered":"<p>Qui\u00e9nes somos La direcci\u00f3n de nuestra web es: https:\/\/alojanatur.com.En ella est\u00e1n los datos de contacto del responsable de los datos, [&hellip;]<\/p>\n","protected":false},"author":1,"featured_media":0,"parent":0,"menu_order":0,"comment_status":"closed","ping_status":"open","template":"","meta":{"site-sidebar-layout":"default","site-content-layout":"","ast-site-content-layout":"","site-content-style":"default","site-sidebar-style":"default","ast-global-header-display":"","ast-banner-title-visibility":"","ast-main-header-display":"","ast-hfb-above-header-display":"","ast-hfb-below-header-display":"","ast-hfb-mobile-header-display":"","site-post-title":"","ast-breadcrumbs-content":"","ast-featured-img":"","footer-sml-layout":"","theme-transparent-header-meta":"","adv-header-id-meta":"","stick-header-meta":"","header-above-stick-meta":"","header-main-stick-meta":"","header-below-stick-meta":"","astra-migrate-meta-layouts":"default","ast-page-background-enabled":"default","ast-page-background-meta":{"desktop":{"background-color":"var(--ast-global-color-5)","background-image":"","background-repeat":"repeat","background-position":"center center","background-size":"auto","background-attachment":"scroll","background-type":"","background-media":"","overlay-type":"","overlay-color":"","overlay-opacity":"","overlay-gradient":""},"tablet":{"background-color":"","background-image":"","background-repeat":"repeat","background-position":"center center","background-size":"auto","background-attachment":"scroll","background-type":"","background-media":"","overlay-type":"","overlay-color":"","overlay-opacity":"","overlay-gradient":""},"mobile":{"background-color":"","background-image":"","background-repeat":"repeat","background-position":"center center","background-size":"auto","background-attachment":"scroll","background-type":"","background-media":"","overlay-type":"","overlay-color":"","overlay-opacity":"","overlay-gradient":""}},"ast-content-background-meta":{"desktop":{"background-color":"var(--ast-global-color-4)","background-image":"","background-repeat":"repeat","background-position":"center center","background-size":"auto","background-attachment":"scroll","background-type":"","background-media":"","overlay-type":"","overlay-color":"","overlay-opacity":"","overlay-gradient":""},"tablet":{"background-color":"var(--ast-global-color-4)","background-image":"","background-repeat":"repeat","background-position":"center center","background-size":"auto","background-attachment":"scroll","background-type":"","background-media":"","overlay-type":"","overlay-color":"","overlay-opacity":"","overlay-gradient":""},"mobile":{"background-color":"var(--ast-global-color-4)","background-image":"","background-repeat":"repeat","background-position":"center center","background-size":"auto","background-attachment":"scroll","background-type":"","background-media":"","overlay-type":"","overlay-color":"","overlay-opacity":"","overlay-gradient":""}},"footnotes":""},"class_list":["post-3","page","type-page","status-publish","hentry"],"yoast_head":"<!-- This site is optimized with the Yoast SEO plugin v27.4 - https:\/\/yoast.com\/product\/yoast-seo-wordpress\/ -->\n<title>Pol\u00edtica de privacidad - alojanatur<\/title>\n<meta name=\"description\" content=\"Sobre la pol\u00edtica de privacidad de AlojaNatur.com, como y para que fines tratamos tus datos para tu tranquilidad.\" \/>\n<meta name=\"robots\" content=\"index, follow, max-snippet:-1, max-image-preview:large, max-video-preview:-1\" \/>\n<link rel=\"canonical\" href=\"https:\/\/alojanatur.com\/index.php\/politica-privacidad\/\" \/>\n<meta property=\"og:locale\" content=\"es_ES\" \/>\n<meta property=\"og:type\" content=\"article\" \/>\n<meta property=\"og:title\" content=\"Pol\u00edtica de privacidad - alojanatur\" \/>\n<meta property=\"og:description\" content=\"Sobre la pol\u00edtica de privacidad de AlojaNatur.com, como y para que fines tratamos tus datos para tu tranquilidad.\" \/>\n<meta property=\"og:url\" content=\"https:\/\/alojanatur.com\/index.php\/politica-privacidad\/\" \/>\n<meta property=\"og:site_name\" content=\"alojanatur\" \/>\n<meta property=\"article:modified_time\" content=\"2025-04-10T08:38:54+00:00\" \/>\n<meta name=\"twitter:card\" content=\"summary_large_image\" \/>\n<meta name=\"twitter:label1\" content=\"Tiempo de lectura\" \/>\n\t<meta name=\"twitter:data1\" content=\"4 minutos\" \/>\n<script type=\"application\/ld+json\" class=\"yoast-schema-graph\">{\"@context\":\"https:\\\/\\\/schema.org\",\"@graph\":[{\"@type\":\"WebPage\",\"@id\":\"https:\\\/\\\/alojanatur.com\\\/index.php\\\/politica-privacidad\\\/\",\"url\":\"https:\\\/\\\/alojanatur.com\\\/index.php\\\/politica-privacidad\\\/\",\"name\":\"Pol\u00edtica de privacidad - alojanatur\",\"isPartOf\":{\"@id\":\"https:\\\/\\\/alojanatur.com\\\/#website\"},\"datePublished\":\"2025-03-31T12:00:50+00:00\",\"dateModified\":\"2025-04-10T08:38:54+00:00\",\"description\":\"Sobre la pol\u00edtica de privacidad de AlojaNatur.com, como y para que fines tratamos tus datos para tu tranquilidad.\",\"breadcrumb\":{\"@id\":\"https:\\\/\\\/alojanatur.com\\\/index.php\\\/politica-privacidad\\\/#breadcrumb\"},\"inLanguage\":\"es\",\"potentialAction\":[{\"@type\":\"ReadAction\",\"target\":[\"https:\\\/\\\/alojanatur.com\\\/index.php\\\/politica-privacidad\\\/\"]}]},{\"@type\":\"BreadcrumbList\",\"@id\":\"https:\\\/\\\/alojanatur.com\\\/index.php\\\/politica-privacidad\\\/#breadcrumb\",\"itemListElement\":[{\"@type\":\"ListItem\",\"position\":1,\"name\":\"Portada\",\"item\":\"https:\\\/\\\/alojanatur.com\\\/\"},{\"@type\":\"ListItem\",\"position\":2,\"name\":\"Pol\u00edtica de privacidad\"}]},{\"@type\":\"WebSite\",\"@id\":\"https:\\\/\\\/alojanatur.com\\\/#website\",\"url\":\"https:\\\/\\\/alojanatur.com\\\/\",\"name\":\"alojanatur\",\"description\":\"Alojamientos Tur\u00edsticos\",\"publisher\":{\"@id\":\"https:\\\/\\\/alojanatur.com\\\/#organization\"},\"potentialAction\":[{\"@type\":\"SearchAction\",\"target\":{\"@type\":\"EntryPoint\",\"urlTemplate\":\"https:\\\/\\\/alojanatur.com\\\/?s={search_term_string}\"},\"query-input\":{\"@type\":\"PropertyValueSpecification\",\"valueRequired\":true,\"valueName\":\"search_term_string\"}}],\"inLanguage\":\"es\"},{\"@type\":\"Organization\",\"@id\":\"https:\\\/\\\/alojanatur.com\\\/#organization\",\"name\":\"alojanatur\",\"url\":\"https:\\\/\\\/alojanatur.com\\\/\",\"logo\":{\"@type\":\"ImageObject\",\"inLanguage\":\"es\",\"@id\":\"https:\\\/\\\/alojanatur.com\\\/#\\\/schema\\\/logo\\\/image\\\/\",\"url\":\"https:\\\/\\\/alojanatur.com\\\/wp-content\\\/uploads\\\/2025\\\/04\\\/cropped-Logotipo_4-removebg-preview.png\",\"contentUrl\":\"https:\\\/\\\/alojanatur.com\\\/wp-content\\\/uploads\\\/2025\\\/04\\\/cropped-Logotipo_4-removebg-preview.png\",\"width\":178,\"height\":71,\"caption\":\"alojanatur\"},\"image\":{\"@id\":\"https:\\\/\\\/alojanatur.com\\\/#\\\/schema\\\/logo\\\/image\\\/\"}}]}<\/script>\n<!-- \/ Yoast SEO plugin. -->","yoast_head_json":{"title":"Pol\u00edtica de privacidad - alojanatur","description":"Sobre la pol\u00edtica de privacidad de AlojaNatur.com, como y para que fines tratamos tus datos para tu tranquilidad.","robots":{"index":"index","follow":"follow","max-snippet":"max-snippet:-1","max-image-preview":"max-image-preview:large","max-video-preview":"max-video-preview:-1"},"canonical":"https:\/\/alojanatur.com\/index.php\/politica-privacidad\/","og_locale":"es_ES","og_type":"article","og_title":"Pol\u00edtica de privacidad - alojanatur","og_description":"Sobre la pol\u00edtica de privacidad de AlojaNatur.com, como y para que fines tratamos tus datos para tu tranquilidad.","og_url":"https:\/\/alojanatur.com\/index.php\/politica-privacidad\/","og_site_name":"alojanatur","article_modified_time":"2025-04-10T08:38:54+00:00","twitter_card":"summary_large_image","twitter_misc":{"Tiempo de lectura":"4 minutos"},"schema":{"@context":"https:\/\/schema.org","@graph":[{"@type":"WebPage","@id":"https:\/\/alojanatur.com\/index.php\/politica-privacidad\/","url":"https:\/\/alojanatur.com\/index.php\/politica-privacidad\/","name":"Pol\u00edtica de privacidad - alojanatur","isPartOf":{"@id":"https:\/\/alojanatur.com\/#website"},"datePublished":"2025-03-31T12:00:50+00:00","dateModified":"2025-04-10T08:38:54+00:00","description":"Sobre la pol\u00edtica de privacidad de AlojaNatur.com, como y para que fines tratamos tus datos para tu tranquilidad.","breadcrumb":{"@id":"https:\/\/alojanatur.com\/index.php\/politica-privacidad\/#breadcrumb"},"inLanguage":"es","potentialAction":[{"@type":"ReadAction","target":["https:\/\/alojanatur.com\/index.php\/politica-privacidad\/"]}]},{"@type":"BreadcrumbList","@id":"https:\/\/alojanatur.com\/index.php\/politica-privacidad\/#breadcrumb","itemListElement":[{"@type":"ListItem","position":1,"name":"Portada","item":"https:\/\/alojanatur.com\/"},{"@type":"ListItem","position":2,"name":"Pol\u00edtica de privacidad"}]},{"@type":"WebSite","@id":"https:\/\/alojanatur.com\/#website","url":"https:\/\/alojanatur.com\/","name":"alojanatur","description":"Alojamientos Tur\u00edsticos","publisher":{"@id":"https:\/\/alojanatur.com\/#organization"},"potentialAction":[{"@type":"SearchAction","target":{"@type":"EntryPoint","urlTemplate":"https:\/\/alojanatur.com\/?s={search_term_string}"},"query-input":{"@type":"PropertyValueSpecification","valueRequired":true,"valueName":"search_term_string"}}],"inLanguage":"es"},{"@type":"Organization","@id":"https:\/\/alojanatur.com\/#organization","name":"alojanatur","url":"https:\/\/alojanatur.com\/","logo":{"@type":"ImageObject","inLanguage":"es","@id":"https:\/\/alojanatur.com\/#\/schema\/logo\/image\/","url":"https:\/\/alojanatur.com\/wp-content\/uploads\/2025\/04\/cropped-Logotipo_4-removebg-preview.png","contentUrl":"https:\/\/alojanatur.com\/wp-content\/uploads\/2025\/04\/cropped-Logotipo_4-removebg-preview.png","width":178,"height":71,"caption":"alojanatur"},"image":{"@id":"https:\/\/alojanatur.com\/#\/schema\/logo\/image\/"}}]}},"_links":{"self":[{"href":"https:\/\/alojanatur.com\/index.php\/wp-json\/wp\/v2\/pages\/3","targetHints":{"allow":["GET"]}}],"collection":[{"href":"https:\/\/alojanatur.com\/index.php\/wp-json\/wp\/v2\/pages"}],"about":[{"href":"https:\/\/alojanatur.com\/index.php\/wp-json\/wp\/v2\/types\/page"}],"author":[{"embeddable":true,"href":"https:\/\/alojanatur.com\/index.php\/wp-json\/wp\/v2\/users\/1"}],"replies":[{"embeddable":true,"href":"https:\/\/alojanatur.com\/index.php\/wp-json\/wp\/v2\/comments?post=3"}],"version-history":[{"count":4,"href":"https:\/\/alojanatur.com\/index.php\/wp-json\/wp\/v2\/pages\/3\/revisions"}],"predecessor-version":[{"id":375,"href":"https:\/\/alojanatur.com\/index.php\/wp-json\/wp\/v2\/pages\/3\/revisions\/375"}],"wp:attachment":[{"href":"https:\/\/alojanatur.com\/index.php\/wp-json\/wp\/v2\/media?parent=3"}],"curies":[{"name":"wp","href":"https:\/\/api.w.org\/{rel}","templated":true}]}}